{"id":2348,"date":"2024-12-11T12:04:39","date_gmt":"2024-12-11T11:04:39","guid":{"rendered":"https:\/\/centrefisioterapia.com\/?page_id=2348"},"modified":"2025-11-28T09:36:15","modified_gmt":"2025-11-28T08:36:15","slug":"aviso-legal","status":"publish","type":"page","link":"https:\/\/centrefisioterapia.com\/es\/aviso-legal\/","title":{"rendered":"Aviso legal"},"content":{"rendered":"<div>\n<div>\n<h2 style= \"text-align: center\">AVISO LEGAL Y CONDICIONES DE USO DEL PORTAL<\/h2>\n<\/div>\n<div>\n<p style= text-align: \"left\"><strong>Con el fin de dar cumplimiento al art\u00edculo 10 de la Ley 34\/2002 de Servicios de la Sociedad de la Informaci\u00f3n y del Comercio Electr\u00f3nico, informamos a los usuarios de nuestros datos:<\/strong><\/p>\n<p style= text-align: \"left\">Denominaci\u00f3n Social: <b><u>Miquel del Aguila Fern\u00e1ndez<\/u><\/b><\/p>\n<p style= text-align: \"left\">Direcci\u00f3n: <b><u>Carrer Llucia Sanz, 2b, 25617 la R\u00e0pita Lleida, Spain<\/u><\/b><\/p>\n<p style= text-align: \"left\">CIF: <b><u>78101160z<\/u><\/b><\/p>\n<p style= text-align: \"left\">Tel\u00e9fono:<b><u>629 46 48 48<\/u><\/b> <\/p>\n<p style= text-align: \"left\">E-Mail: <b><u>mikeldelaguila@hotmail.com<\/u><\/b><\/p>\n<p style= text-align: \"left\">Sitio Web:<b><u>centrefisioterapia.com<\/u><\/b><\/p>\n<p style= text-align: \"left\">Datos Registrales::<\/p>\n<p style= text-align: \"left\">Actividad Reglada:<\/p>\n<\/div>\n<div>\n<h3 style= text-align: \"left\"><b>1.- OBJETO<\/b><\/h3>\n<p style= text-align: \"left\"><b><u>Miquel del Aguila Fern\u00e1ndez<\/u><\/b> (en adelante tambi\u00e9n el prestamista) como responsable del sitio web, pone a disposici\u00f3n de los usuarios el presente documento, que regula el uso del sitio web <b><u>centrefisioterapia.com<\/u><\/b>,con el que pretendemos dar cumplimiento a las obligaciones que dispone la Ley 34\/2002 , de Servicios de la Sociedad de la Informaci\u00f3n y del Comercio Electr\u00f3nico (LSSICE o LSSI), as\u00ed como informar a todos los usuarios del sitio web respecto a cu\u00e1les son las condiciones de uso del sitio web.<\/p>\n<p style= text-align: \"left\">A trav\u00e9s de la Web, <b><u>Miquel del Aguila Fern\u00e1ndez<\/u><\/b> facilita a los usuarios el acceso y utilizaci\u00f3n de diferentes servicios y contenidos puestos a disposici\u00f3n a trav\u00e9s de la web.<\/p>\n<p style= text-align: \"left\">Toda persona que acceda a esta web asume el papel de usuario (en adelante el usuario), e implica la aceptaci\u00f3n plena y sin reservas de todas y cada una de las disposiciones incluidas en este aviso legal, as\u00ed como en cualesquiera otras disposiciones legales que fueran de aplicaci\u00f3n.<\/p>\n<p style= text-align: \"left\">Como usuarios, debe leer atentamente este Aviso Legal en cualquiera de las ocasiones que entra en la web, pues \u00e9ste puede sufrir modificaciones ya que el prestamista se reserva el derecho a modificar cualquier tipo de informaci\u00f3n que pudiera aparecer en la web, sin que exista la obligaci\u00f3n de preavisar o poner en conocimiento de los usuarios estas obligaciones, siendo suficientes la publicaci\u00f3n en el sitio web del prestamista.<\/p>\n<\/div>\n<div>\n<h3 style= text-align: \"left\"><b>2. CONDICIONES DE ACCESO Y USO DE LA WEB.<\/b><\/h3>\n<h4 style= text-align: \"left\"><b>2.1. Car\u00e1cter gratuito del acceso y uso de la web.<\/b><\/h4>\n<p style= text-align: \"left\">La prestaci\u00f3n de los servicios por parte de <b><u>Miquel del Aguila Fern\u00e1ndez<\/u><\/b> tiene car\u00e1cter gratuito para todos los Usuarios. Sin embargo, algunos de los servicios suministrados por el prestamista o por terceros a trav\u00e9s de la Web est\u00e1n sujetos al pago de un precio determinado a las condiciones generales de contrataci\u00f3n.<\/p>\n<h4 style= text-align: \"left\"><b>2.2. Registro de Usuario. <\/b><\/h4>\n<p style= text-align: \"left\">Con car\u00e1cter general, la prestaci\u00f3n de los Servicios no exige la previa suscripci\u00f3n o registro de los Usuarios. Sin embargo, <b><u><b><u>Miquel del Aguila Fern\u00e1ndez<\/u><\/b>.<\/u><\/b> condiciona el uso de algunos de los servicios a la previa complementaci\u00f3n del correspondiente registro de Usuario. Este registro se efectuar\u00e1 en la forma expresamente indicada en la propia secci\u00f3n del servicio.<\/p>\n<h4 style= text-align: \"left\"><b>2.3. Veracidad de la informaci\u00f3n.<\/b><\/h4>\n<p style= text-align: \"left\">Toda la informaci\u00f3n que facilita el Usuario debe ser veraz. A estos efectos, el Usuario garantiza la autenticidad de los datos comunicados a trav\u00e9s de los formularios para la suscripci\u00f3n de los Servicios. Ser\u00e1 responsabilidad del Usuario mantener toda la informaci\u00f3n facilitada a <b><u>Miquel del Aguila Fern\u00e1ndez<\/u><\/b> permanentemente actualizada de forma que responda, en cada momento, a su situaci\u00f3n real. En todo caso, el Usuario ser\u00e1 el \u00fanico responsable de las manifestaciones falsas o inexactas que realice y de los perjuicios que cause al prestamista oa terceros.<\/p>\n<h4 style= text-align: \"left\"><b>2.4. Menores de edad.<\/b><\/h4>\n<p style= text-align: \"left\">Para el uso de los servicios, los menores de edad deben obtener siempre previamente el consentimiento de los padres, tutores o representantes legales, responsables \u00faltimos de todos los actos realizados por los menores a su cargo. La responsabilidad en la determinaci\u00f3n de contenidos concretos a los que acceden los menores corresponde a aquellos, por lo que si acceden a contenidos no apropiados por Internet, deber\u00e1n establecerse en sus ordenadores mecanismos, en particular programas inform\u00e1ticos, filtros y bloqueos , que permitan limitar los contenidos disponibles y, aunque no sean infalibles, son de especial utilidad para controlar y restringir los materiales a los que pueden acceder los menores.<\/p>\n<h4 style= text-align: \"left\"><b>2.5. Obligaci\u00f3n de hacer un correcto uso de la Web.<\/b><\/h4>\n<p style= text-align: \"left\">El Usuario se compromete a utilizar la Web de conformidad a la Ley y al presente Aviso Legal, as\u00ed como a la moral ya las buenas costumbres. A tal efecto, el Usuario se abstendr\u00e1 de utilizar la p\u00e1gina con fines il\u00edcitos o prohibidos, lesivos de derechos e intereses de terceros, o que de cualquier forma puedan da\u00f1ar, inutilizar, sobrecargar, deteriorar o impedir la normal utilizaci\u00f3n de equipos inform\u00e1ticos o documentos, archivos y toda clase de contenidos almacenados en cualquier equipo inform\u00e1tico del prestador. <\/p>\n<p style= text-align: \"left\">En particular, ya t\u00edtulo indicativo pero no exhaustivo, el Usuario se compromete a no transmitir, difundir o poner a disposici\u00f3n de terceros informaciones, datos, contenidos, mensajes, gr\u00e1ficos, dibujos, archivos de sonido o imagen, fotograf\u00edas, grabaciones, software y , en general, cualquier clase de material que:<\/p>\n<p style= text-align: \"left\">(a)\t sea contraria, desprecie o atente contra los derechos fundamentales y las libertades p\u00fablicas reconocidas constitucionalmente, en tratados internacionales y otras normas vigentes;<\/p>\n<p style= text-align: \"left\">(b)\tinduzca, incite o promueva actuaciones delictivas, denigrantes, difamatorias, violentas o, en general, contrarias a la ley, a la moral y al orden p\u00fablico;<\/p>\n<p style= text-align: \"left\">(c)\tinduzca, incite o promueva actuaciones, actitudes o pensamientos discriminatorios por raz\u00f3n de sexo, raza, religi\u00f3n, creencias, edad o condici\u00f3n;<\/p>\n<p style= text-align: \"left\">(d)\tsea contrario al derecho al honor, a la intimidad personal o familiar oa la propia imagen de las personas;<\/p>\n<p style= text-align: \"left\">(e)\tde cualquier modo perjudique la credibilidad del prestamista o de terceros; y<\/p>\n<p style= text-align: \"left\">(f)\tconstituya publicidad il\u00edcita, enga\u00f1osa o desleal.<\/p>\n<\/div>\n<div>\n<h3 style= text-align: \"left\"><b>3.- EXCLUSI\u00d3N DE GARANT\u00cdAS Y RESPONSABILIDAD<\/b><\/h3>\n<p style= text-align: \"left\">El prestamista se exime de cualquier tipo de responsabilidad derivada de la informaci\u00f3n publicada en nuestro sitio web, siempre que esta informaci\u00f3n haya sido manipulada o introducida por un tercero ajeno. <\/p>\n<p style= text-align: \"left\">Esta web ha sido revisada y probada para que funcione correctamente. En principio, puede garantizarse el correcto funcionamiento los 365 d\u00edas del a\u00f1o, 24 horas al d\u00eda. No obstante, el prestamista no descarta la posibilidad de que existan determinados errores de programaci\u00f3n, o que sucedan causas de fuerza mayor, cat\u00e1strofes naturales, huelgas, o circunstancias similares que hagan imposible el acceso a la p\u00e1gina web.<\/p>\n<p style= text-align: \"left\"><b><u>Miquel del Aguila Fern\u00e1ndez<\/u><\/b> no otorga ninguna garant\u00eda ni se hace responsable, en caso alguno, de los da\u00f1os y perjuicios de cualquier naturaleza que puedan salir a colaci\u00f3n de la falta de disponibilidad, mantenimiento y efectivo funcionamiento de la web o de sus servicios y contenidos; de la existencia de virus, programas maliciosos o lesivos en los contenidos; del uso il\u00edcito, negligente, fraudulento o contrario a este Aviso Legal y condiciones de uso; o de La falta de licitud, calidad, fiabilidad, utilidad y disponibilidad de los servicios prestados por terceros y puestos a disposici\u00f3n de los usuarios en el sitio web.<\/p>\n<p style= text-align: \"left\">El prestamista no se hace responsable bajo ning\u00fan concepto de los da\u00f1os que puedan dimanar del uso ilegal o indebido de la presente p\u00e1gina web.<\/p>\n<h3 style= text-align: \"left\"><b>4.- COOKIES<\/b><\/h3>\n<p style= text-align: \"left\">El sitio web del prestamista puede utilizar cookies (peque\u00f1os archivos de informaci\u00f3n que el servidor env\u00eda al ordenador de quien accede a la p\u00e1gina) para llevar a cabo determinadas funciones que son consideradas imprescindibles para el correcto funcionamiento y visualizaci\u00f3n del sitio. Las cookies utilizadas tienen, en todo caso, car\u00e1cter temporal, con el \u00fanico fin de hacer m\u00e1s eficaz la navegaci\u00f3n, desapareciendo al finalizar la sesi\u00f3n del usuario.<\/p>\n<p style= text-align: \"left\">En ning\u00fan caso se utilizar\u00e1n las cookies para recabar informaci\u00f3n de car\u00e1cter personal.<\/p>\n<p style= text-align: \"left\">Para m\u00e1s informaci\u00f3n, vea nuestra <a href=\"\/<u>es\/politica-de-cookies\/<u>\u00ab>Pol\u00edtica de Cookies<\/a><\/p>\n<\/div>\n<div>\n<h3 style= text-align: \"left\"><b>5.- ENLACES (LINKS)<\/b><\/h3>\n<p style= text-align: \"left\">Desde el sitio web es posible que se redirija a contenidos de terceras webs. Dado que desde la web no podemos controlar siempre los contenidos introducidos por los terceros, <b><u>Miquel del Aguila Fern\u00e1ndez<\/u><\/b> no asume ning\u00fan tipo de responsabilidad respecto a estos contenidos. En todo caso, el prestamista manifiesta que proceder\u00e1 a la retirada inmediata de cualquier contenido que pudiera contravenir la legislaci\u00f3n nacional o internacional, la moral o el orden p\u00fablico, procediendo a la retirada inmediata de la re-direcci\u00f3n a estas webs, poniendo en conocimiento de las autoridades competentes el contenido en cuesti\u00f3n.<\/p>\n<p style= text-align: \"left\">El prestamista no se responsabiliza de la informaci\u00f3n y contenidos almacenados, a t\u00edtulo enunciativo pero no limitante, en foros, chats, generadores de blogs, comentarios, redes sociales o cualquier otro medio que permita a terceros publicar contenidos de forma independiente en la p\u00e1gina web del prestamista. Sin embargo y en cumplimiento de lo dispuesto en el art. 11 y 16 de la LSSICE, el prestamista se pone a disposici\u00f3n de todos los usuarios, autoridades y fuerzas de seguridad, y colaborando de forma activa en la retirada o, cuando sea necesario, el bloqueo de todos aquellos contenidos que puedan afectar o contravenir la legislaci\u00f3n nacional, o internacional, derechos de terceros o la moral y el orden p\u00fablico. En caso de que el usuario considere que puede existir alg\u00fan contenido que pudiera ser susceptible de esta clasificaci\u00f3n,<\/p>\n<h3 style= text-align: \"left\"><b>6.- PROTECCI\u00d3N DE DATOS PERSONALES <\/b><\/h3>\n<p style= text-align: \"left\">El prestamista est\u00e1 profundamente comprometido con el cumplimiento de la normativa de protecci\u00f3n de datos personales y garantiza el cumplimiento \u00edntegro de las obligaciones dispuestas, as\u00ed como la implementaci\u00f3n de las medidas de seguridad dispuestas en el Reglamento Europeo de Protecci\u00f3n de datos y la normativa espa\u00f1ola de protecci\u00f3n de datos datos.<\/p>\n<p style= text-align: \"left\">Para m\u00e1s informaci\u00f3n, vea nuestra  <a href=\"\/<u>es\/politica-de-privacidad<\/u>\/\u00bb>Pol\u00edtica de Privadesa.<\/a><\/p>\n<\/div>\n<div>\n<h3 style= text-align: \"left\"><b>7. REDES SOCIALES<\/b><\/h3>\n<p style= text-align: \"left\">Le informamos que <b><u>Miquel del Aguila Fern\u00e1ndez<\/u><\/b> puede estar presente en redes sociales. El tratamiento de los datos que los usuarios incluyan en los mismos [haci\u00e9ndose seguidores del prestamista en las redes sociales (y\/o realicen cualquier v\u00ednculo o acci\u00f3n de conexi\u00f3n a trav\u00e9s de \u00e9stas)] se regir\u00e1 por este apartado, as\u00ed como por las condiciones de uso, pol\u00edticas de privacidad y normativas de acceso y uso de las redes sociales en cuesti\u00f3n y previamente aceptadas por el usuario. <b><u>Miquel del Aguila Fern\u00e1ndez<\/u><\/b> tratar\u00e1 sus datos con el fin de informarle de las actividades, productos o servicios del prestamista a trav\u00e9s de estas redes sociales, as\u00ed como para cualquier otra finalidad que las normativas de las Redes Sociales permitan, pero no se &#8216;har\u00e1 responsable de sus pol\u00edticas de privacidad.<\/p>\n<p style= text-align: \"left\">Queda prohibida la publicaci\u00f3n de contenidos:<\/p>\n<ul>\n<li> Que sean presuntamente il\u00edcitos por la normativa nacional, comunitaria o internacional o que realicen actividades presuntamente il\u00edcitas o contravengan los principios de la buena fe.<\/li>\n<li>Que atenten contra los derechos fundamentales de las personas, falten a la cortes\u00eda en la red, molesten o puedan generar opiniones negativas a nuestros usuarios o terceros y por lo general cualquier contenido que <b><u>Miquel del Aguila Fern\u00e1ndez<\/u><\/b> considere no apropiados.<\/li>\n<li>Y por lo general que contravengan los principios de legalidad, honorabilidad, responsabilidad, protecci\u00f3n de la dignidad humana, protecci\u00f3n de menores, protecci\u00f3n del orden p\u00fablico, la protecci\u00f3n de la vida privada, protecci\u00f3n del consumidor y los derechos de propiedad intelectual e industrial.<\/li>\n<\/ul>\n<p>Asimismo, <b><u>Miquel del Aguila Fern\u00e1ndez<\/u><\/b> se reserva la potestad de retirar, sin previo aviso de la p\u00e1gina web o de la red social corporativa aquellos contenidos que se consideren no apropiados.<\/p>\n<div>\n<\/div>\n<h3 style= text-align: \"left\"><b>8.- PROPIEDAD INTELECTUAL E INDUSTRIAL<\/b><\/h3>\n<p style= text-align: \"left\">El sitio web, incluyendo a t\u00edtulo enunciativo pero no limitativo la programaci\u00f3n, edici\u00f3n, compilaci\u00f3n y otros elementos necesarios para su funcionamiento, los dise\u00f1os, logotipos, textos, fotograf\u00edas y\/o gr\u00e1ficos son propiedad del prestamista o, en caso de que fuera necesario, dispone de la licencia o autorizaci\u00f3n expresa por parte de los autores. Todos los contenidos del sitio web est\u00e1n debidamente protegidos por la normativa de propiedad intelectual e industrial.<\/p>\n<p style= text-align: \"left\">Independientemente de la finalidad por la que fuesen destinados, la reproducci\u00f3n total o parcial, uso, distribuci\u00f3n y comunicaci\u00f3n p\u00fablica requieren de la autorizaci\u00f3n escrita previa por parte del prestamista. Cualquier uso no autorizado previamente por parte del prestamista ser\u00e1 considerado un incumplimiento grave de los derechos de propiedad intelectual o industrial del autor.<\/p>\n<p style= text-align: \"left\">Los dise\u00f1os, logotipos, textos y\/o gr\u00e1ficos ajenos al prestamista y que puedan aparecer en el sitio web, pertenecen a sus respectivos propietarios, siendo ellos mismos los responsables de cualquier posible controversia que pudiera acontecer respecto a los mismos. En todo caso, el prestamista cuenta con la autorizaci\u00f3n expresa y previa por parte de los mismos.<\/p>\n<p style= text-align: \"left\">El prestamista reconoce a favor de sus titulares los correspondientes derechos de propiedad industrial e intelectual, no implicando la menci\u00f3n o aparici\u00f3n en el sitio web, de la existencia de derechos o ninguna responsabilidad del prestamista sobre los mismos, como tampoco apoyo, patrocinio o recomendaci\u00f3n por parte del mismo.<\/p>\n<p style= text-align: \"left\">Para realizar cualquier tipo de observaci\u00f3n respecto a posibles incumplimientos de los derechos de propiedad intelectual o industrial, as\u00ed como sobre cualquiera de los contenidos del sitio web, puede hacerlo a trav\u00e9s del correo electr\u00f3nico arriba rese\u00f1ado.<\/p>\n<\/div>\n<div>\n<h3 style= text-align: \"left\"><b>9.- LEY APLICABLE Y JURISDICCI\u00d3N<\/b><\/h3>\n<p style= text-align: \"left\">Para la resoluci\u00f3n de las controversias o cuestiones relacionadas con la presente p\u00e1gina web o de las actividades en \u00e9sta desarrolladas, ser\u00e1 de aplicaci\u00f3n la legislaci\u00f3n espa\u00f1ola, a la que se someten expresamente las partes, siendo competentes para la resoluci\u00f3n de todos los conflictos derivados o relacionados con su uso los Juzgados y Tribunales de Lleida.<\/p>\n<\/div>\n<\/div>\n","protected":false},"excerpt":{"rendered":"<p>AVISO LEGAL Y CONDICIONES DE USO DEL PORTAL Con el [&hellip;]<\/p>\n","protected":false},"author":1,"featured_media":0,"parent":0,"menu_order":0,"comment_status":"closed","ping_status":"closed","template":"","meta":{"content-type":"","footnotes":""},"class_list":["post-2348","page","type-page","status-publish","hentry"],"yoast_head":"<!-- This site is optimized with the Yoast SEO plugin v23.4 - https:\/\/yoast.com\/wordpress\/plugins\/seo\/ -->\n<title>Aviso legal - bwell Centre<\/title>\n<meta name=\"robots\" content=\"index, follow, max-snippet:-1, max-image-preview:large, max-video-preview:-1\" \/>\n<link rel=\"canonical\" href=\"https:\/\/centrefisioterapia.com\/es\/aviso-legal\/\" \/>\n<meta property=\"og:locale\" content=\"es_ES\" \/>\n<meta property=\"og:type\" content=\"article\" \/>\n<meta property=\"og:title\" content=\"Aviso legal - bwell Centre\" \/>\n<meta property=\"og:description\" content=\"AVISO LEGAL Y CONDICIONES DE USO DEL PORTAL Con el [&hellip;]\" \/>\n<meta property=\"og:url\" content=\"https:\/\/centrefisioterapia.com\/es\/aviso-legal\/\" \/>\n<meta property=\"og:site_name\" content=\"bwell Centre\" \/>\n<meta property=\"article:modified_time\" content=\"2025-11-28T08:36:15+00:00\" \/>\n<meta name=\"twitter:card\" content=\"summary_large_image\" \/>\n<meta name=\"twitter:label1\" content=\"Tiempo de lectura\" \/>\n\t<meta name=\"twitter:data1\" content=\"12 minutos\" \/>\n<script type=\"application\/ld+json\" class=\"yoast-schema-graph\">{\"@context\":\"https:\/\/schema.org\",\"@graph\":[{\"@type\":\"WebPage\",\"@id\":\"https:\/\/centrefisioterapia.com\/es\/aviso-legal\/\",\"url\":\"https:\/\/centrefisioterapia.com\/es\/aviso-legal\/\",\"name\":\"Aviso legal - bwell Centre\",\"isPartOf\":{\"@id\":\"https:\/\/centrefisioterapia.com\/#website\"},\"datePublished\":\"2024-12-11T11:04:39+00:00\",\"dateModified\":\"2025-11-28T08:36:15+00:00\",\"breadcrumb\":{\"@id\":\"https:\/\/centrefisioterapia.com\/es\/aviso-legal\/#breadcrumb\"},\"inLanguage\":\"es\",\"potentialAction\":[{\"@type\":\"ReadAction\",\"target\":[\"https:\/\/centrefisioterapia.com\/es\/aviso-legal\/\"]}]},{\"@type\":\"BreadcrumbList\",\"@id\":\"https:\/\/centrefisioterapia.com\/es\/aviso-legal\/#breadcrumb\",\"itemListElement\":[{\"@type\":\"ListItem\",\"position\":1,\"name\":\"Inici\",\"item\":\"https:\/\/centrefisioterapia.com\/es\/\"},{\"@type\":\"ListItem\",\"position\":2,\"name\":\"Aviso legal\"}]},{\"@type\":\"WebSite\",\"@id\":\"https:\/\/centrefisioterapia.com\/#website\",\"url\":\"https:\/\/centrefisioterapia.com\/\",\"name\":\"bwell Centre\",\"description\":\"Centre de fisioterapia\",\"potentialAction\":[{\"@type\":\"SearchAction\",\"target\":{\"@type\":\"EntryPoint\",\"urlTemplate\":\"https:\/\/centrefisioterapia.com\/?s={search_term_string}\"},\"query-input\":{\"@type\":\"PropertyValueSpecification\",\"valueRequired\":true,\"valueName\":\"search_term_string\"}}],\"inLanguage\":\"es\"}]}<\/script>\n<!-- \/ Yoast SEO plugin. -->","yoast_head_json":{"title":"Aviso legal - bwell Centre","robots":{"index":"index","follow":"follow","max-snippet":"max-snippet:-1","max-image-preview":"max-image-preview:large","max-video-preview":"max-video-preview:-1"},"canonical":"https:\/\/centrefisioterapia.com\/es\/aviso-legal\/","og_locale":"es_ES","og_type":"article","og_title":"Aviso legal - bwell Centre","og_description":"AVISO LEGAL Y CONDICIONES DE USO DEL PORTAL Con el [&hellip;]","og_url":"https:\/\/centrefisioterapia.com\/es\/aviso-legal\/","og_site_name":"bwell Centre","article_modified_time":"2025-11-28T08:36:15+00:00","twitter_card":"summary_large_image","twitter_misc":{"Tiempo de lectura":"12 minutos"},"schema":{"@context":"https:\/\/schema.org","@graph":[{"@type":"WebPage","@id":"https:\/\/centrefisioterapia.com\/es\/aviso-legal\/","url":"https:\/\/centrefisioterapia.com\/es\/aviso-legal\/","name":"Aviso legal - bwell Centre","isPartOf":{"@id":"https:\/\/centrefisioterapia.com\/#website"},"datePublished":"2024-12-11T11:04:39+00:00","dateModified":"2025-11-28T08:36:15+00:00","breadcrumb":{"@id":"https:\/\/centrefisioterapia.com\/es\/aviso-legal\/#breadcrumb"},"inLanguage":"es","potentialAction":[{"@type":"ReadAction","target":["https:\/\/centrefisioterapia.com\/es\/aviso-legal\/"]}]},{"@type":"BreadcrumbList","@id":"https:\/\/centrefisioterapia.com\/es\/aviso-legal\/#breadcrumb","itemListElement":[{"@type":"ListItem","position":1,"name":"Inici","item":"https:\/\/centrefisioterapia.com\/es\/"},{"@type":"ListItem","position":2,"name":"Aviso legal"}]},{"@type":"WebSite","@id":"https:\/\/centrefisioterapia.com\/#website","url":"https:\/\/centrefisioterapia.com\/","name":"bwell Centre","description":"Centre de fisioterapia","potentialAction":[{"@type":"SearchAction","target":{"@type":"EntryPoint","urlTemplate":"https:\/\/centrefisioterapia.com\/?s={search_term_string}"},"query-input":{"@type":"PropertyValueSpecification","valueRequired":true,"valueName":"search_term_string"}}],"inLanguage":"es"}]}},"_links":{"self":[{"href":"https:\/\/centrefisioterapia.com\/es\/wp-json\/wp\/v2\/pages\/2348","targetHints":{"allow":["GET"]}}],"collection":[{"href":"https:\/\/centrefisioterapia.com\/es\/wp-json\/wp\/v2\/pages"}],"about":[{"href":"https:\/\/centrefisioterapia.com\/es\/wp-json\/wp\/v2\/types\/page"}],"author":[{"embeddable":true,"href":"https:\/\/centrefisioterapia.com\/es\/wp-json\/wp\/v2\/users\/1"}],"replies":[{"embeddable":true,"href":"https:\/\/centrefisioterapia.com\/es\/wp-json\/wp\/v2\/comments?post=2348"}],"version-history":[{"count":2,"href":"https:\/\/centrefisioterapia.com\/es\/wp-json\/wp\/v2\/pages\/2348\/revisions"}],"predecessor-version":[{"id":2375,"href":"https:\/\/centrefisioterapia.com\/es\/wp-json\/wp\/v2\/pages\/2348\/revisions\/2375"}],"wp:attachment":[{"href":"https:\/\/centrefisioterapia.com\/es\/wp-json\/wp\/v2\/media?parent=2348"}],"curies":[{"name":"wp","href":"https:\/\/api.w.org\/{rel}","templated":true}]}}